{"id":377,"date":"2021-02-10T20:58:36","date_gmt":"2021-02-10T20:58:36","guid":{"rendered":"http:\/\/tranvia.com.co\/?page_id=377"},"modified":"2021-03-07T00:36:35","modified_gmt":"2021-03-07T00:36:35","slug":"proyectos-de-infraestructura-vial","status":"publish","type":"page","link":"https:\/\/tranvia.com.co\/index.php\/nuestras-especialidades\/proyectos-de-infraestructura-vial\/","title":{"rendered":"Proyectos de infraestructura vial"},"content":{"rendered":"\t\t<div data-elementor-type=\"wp-page\" data-elementor-id=\"377\" class=\"elementor elementor-377\" data-elementor-settings=\"[]\">\n\t\t\t\t\t\t\t<div class=\"elementor-section-wrap\">\n\t\t\t\t\t\t\t<section class=\"elementor-section elementor-top-section elementor-element elementor-element-4fbc6f6 elementor-section-boxed elementor-section-height-default elementor-section-height-default\" data-id=\"4fbc6f6\" data-element_type=\"section\">\n\t\t\t\t\t\t<div class=\"elementor-container elementor-column-gap-default\">\n\t\t\t\t\t<div class=\"elementor-column elementor-col-100 elementor-top-column elementor-element elementor-element-02f7ff8\" data-id=\"02f7ff8\" data-element_type=\"column\">\n\t\t\t<div class=\"elementor-widget-wrap elementor-element-populated\">\n\t\t\t\t\t\t\t\t<div class=\"elementor-element elementor-element-e0f5175 elementor-widget elementor-widget-spacer\" data-id=\"e0f5175\" data-element_type=\"widget\" data-widget_type=\"spacer.default\">\n\t\t\t\t<div class=\"elementor-widget-container\">\n\t\t\t\t\t<div class=\"elementor-spacer\">\n\t\t\t<div class=\"elementor-spacer-inner\"><\/div>\n\t\t<\/div>\n\t\t\t\t<\/div>\n\t\t\t\t<\/div>\n\t\t\t\t\t<\/div>\n\t\t<\/div>\n\t\t\t\t\t\t\t<\/div>\n\t\t<\/section>\n\t\t\t\t<section class=\"elementor-section elementor-top-section elementor-element elementor-element-6286838b elementor-section-boxed elementor-section-height-default elementor-section-height-default\" data-id=\"6286838b\" data-element_type=\"section\">\n\t\t\t\t\t\t<div class=\"elementor-container elementor-column-gap-default\">\n\t\t\t\t\t<div class=\"elementor-column elementor-col-100 elementor-top-column elementor-element elementor-element-45069697\" data-id=\"45069697\" data-element_type=\"column\">\n\t\t\t<div class=\"elementor-widget-wrap elementor-element-populated\">\n\t\t\t\t\t\t\t\t<div class=\"elementor-element elementor-element-7b4bf3d4 elementor-widget elementor-widget-heading\" data-id=\"7b4bf3d4\" data-element_type=\"widget\" data-widget_type=\"heading.default\">\n\t\t\t\t<div class=\"elementor-widget-container\">\n\t\t\t<h1 class=\"elementor-heading-title elementor-size-default\">Proyectos de infraestructura vial<\/h1>\t\t<\/div>\n\t\t\t\t<\/div>\n\t\t\t\t\t<\/div>\n\t\t<\/div>\n\t\t\t\t\t\t\t<\/div>\n\t\t<\/section>\n\t\t\t\t<section class=\"elementor-section elementor-top-section elementor-element elementor-element-69c50bfc elementor-section-boxed elementor-section-height-default elementor-section-height-default\" data-id=\"69c50bfc\" data-element_type=\"section\">\n\t\t\t\t\t\t<div class=\"elementor-container elementor-column-gap-default\">\n\t\t\t\t\t<div class=\"elementor-column elementor-col-100 elementor-top-column elementor-element elementor-element-676c23da\" data-id=\"676c23da\" data-element_type=\"column\">\n\t\t\t<div class=\"elementor-widget-wrap elementor-element-populated\">\n\t\t\t\t\t\t\t\t<div class=\"elementor-element elementor-element-3e98b1e1 elementor-widget-divider--view-line elementor-widget elementor-widget-divider\" data-id=\"3e98b1e1\" data-element_type=\"widget\" data-widget_type=\"divider.default\">\n\t\t\t\t<div class=\"elementor-widget-container\">\n\t\t\t\t\t<div class=\"elementor-divider\">\n\t\t\t<span class=\"elementor-divider-separator\">\n\t\t\t\t\t\t<\/span>\n\t\t<\/div>\n\t\t\t\t<\/div>\n\t\t\t\t<\/div>\n\t\t\t\t\t<\/div>\n\t\t<\/div>\n\t\t\t\t\t\t\t<\/div>\n\t\t<\/section>\n\t\t\t\t<section class=\"elementor-section elementor-top-section elementor-element elementor-element-6c5413e9 elementor-section-boxed elementor-section-height-default elementor-section-height-default\" data-id=\"6c5413e9\" data-element_type=\"section\">\n\t\t\t\t\t\t<div class=\"elementor-container elementor-column-gap-default\">\n\t\t\t\t\t<div class=\"elementor-column elementor-col-100 elementor-top-column elementor-element elementor-element-74da669\" data-id=\"74da669\" data-element_type=\"column\">\n\t\t\t<div class=\"elementor-widget-wrap elementor-element-populated\">\n\t\t\t\t\t\t\t\t<div class=\"elementor-element elementor-element-654fd8d6 elementor-widget elementor-widget-spacer\" data-id=\"654fd8d6\" data-element_type=\"widget\" data-widget_type=\"spacer.default\">\n\t\t\t\t<div class=\"elementor-widget-container\">\n\t\t\t\t\t<div class=\"elementor-spacer\">\n\t\t\t<div class=\"elementor-spacer-inner\"><\/div>\n\t\t<\/div>\n\t\t\t\t<\/div>\n\t\t\t\t<\/div>\n\t\t\t\t\t<\/div>\n\t\t<\/div>\n\t\t\t\t\t\t\t<\/div>\n\t\t<\/section>\n\t\t\t\t<section class=\"elementor-section elementor-top-section elementor-element elementor-element-3113680 elementor-section-boxed elementor-section-height-default elementor-section-height-default\" data-id=\"3113680\" data-element_type=\"section\">\n\t\t\t\t\t\t<div class=\"elementor-container elementor-column-gap-default\">\n\t\t\t\t\t<div class=\"elementor-column elementor-col-33 elementor-top-column elementor-element elementor-element-85e16ef\" data-id=\"85e16ef\" data-element_type=\"column\">\n\t\t\t<div class=\"elementor-widget-wrap elementor-element-populated\">\n\t\t\t\t\t\t\t\t<div class=\"elementor-element elementor-element-e19f11f elementor-widget elementor-widget-text-editor\" data-id=\"e19f11f\" data-element_type=\"widget\" data-widget_type=\"text-editor.default\">\n\t\t\t\t<div class=\"elementor-widget-container\">\n\t\t\t\t\t<div class=\"elementor-text-editor elementor-clearfix\"><ul><li>Elaboraci\u00f3n de estudios y dise\u00f1os del componente de tr\u00e1nsito, transporte, seguridad vial, y dem\u00e1s \u00e1reas afines a la Ingenier\u00eda de infraestructura vial.<\/li><li>\u00a0Dise\u00f1o geom\u00e9trico de v\u00edas e intersecciones (planta, perfil, secciones transversales).<\/li><li>Dise\u00f1os de diferentes alternativas de estructuras de pavimento.<\/li><li>Dise\u00f1o hidr\u00e1ulico e hidrol\u00f3gico en proyectos viales.<\/li><li>Sistemas de gesti\u00f3n para el mantenimiento y explotaci\u00f3n vial.<\/li><li>Propuestas de renovaci\u00f3n urbana.<\/li><\/ul><\/div>\n\t\t\t\t<\/div>\n\t\t\t\t<\/div>\n\t\t\t\t\t<\/div>\n\t\t<\/div>\n\t\t\t\t<div class=\"elementor-column elementor-col-66 elementor-top-column elementor-element elementor-element-00f58f6\" data-id=\"00f58f6\" data-element_type=\"column\">\n\t\t\t<div class=\"elementor-widget-wrap elementor-element-populated\">\n\t\t\t\t\t\t\t\t<div class=\"elementor-element elementor-element-c019cfd elementor-widget elementor-widget-image\" data-id=\"c019cfd\" data-element_type=\"widget\" data-widget_type=\"image.default\">\n\t\t\t\t<div class=\"elementor-widget-container\">\n\t\t\t\t\t<div class=\"elementor-image\">\n\t\t\t\t\t\t\t\t\t\t<img decoding=\"async\" src=\"https:\/\/tranvia.com.co\/wp-content\/uploads\/elementor\/thumbs\/tranvia-sas-consultoria-para-la-implementacion-de-infraestructura-vial--p3kszfg5dh9pxff5vrwr4bers72d5z8ezoju31qw1k.jpg\" title=\"tranvia-sas-consultoria-para-la-implementacion-de-infraestructura-vial-\" alt=\"tranvia-sas-consultoria-para-la-implementacion-de-infraestructura-vial-\" \/>\t\t\t\t\t\t\t\t\t\t\t<\/div>\n\t\t\t\t<\/div>\n\t\t\t\t<\/div>\n\t\t\t\t\t<\/div>\n\t\t<\/div>\n\t\t\t\t\t\t\t<\/div>\n\t\t<\/section>\n\t\t\t\t\t\t<\/div>\n\t\t\t\t\t<\/div>\n\t\t","protected":false},"excerpt":{"rendered":"<p>Proyectos de infraestructura vial Elaboraci\u00f3n de estudios y dise\u00f1os del componente de tr\u00e1nsito, transporte, seguridad vial, y dem\u00e1s \u00e1reas afines a la Ingenier\u00eda de infraestructura vial. \u00a0Dise\u00f1o geom\u00e9trico de v\u00edas e intersecciones (planta, perfil, secciones transversales). Dise\u00f1os de diferentes alternativas de estructuras de pavimento. Dise\u00f1o hidr\u00e1ulico e hidrol\u00f3gico en proyectos viales. Sistemas de gesti\u00f3n para [&hellip;]<\/p>\n","protected":false},"author":1,"featured_media":0,"parent":25,"menu_order":4,"comment_status":"closed","ping_status":"closed","template":"","meta":{"footnotes":""},"class_list":["post-377","page","type-page","status-publish","hentry","entry"],"yoast_head":"<!-- This site is optimized with the Yoast SEO plugin v15.9 - https:\/\/yoast.com\/wordpress\/plugins\/seo\/ -->\n<title>Tranvia | Proyectos de infraestructura vial<\/title>\n<meta name=\"robots\" content=\"index, follow, max-snippet:-1, max-image-preview:large, max-video-preview:-1\" \/>\n<link rel=\"canonical\" href=\"https:\/\/tranvia.com.co\/index.php\/nuestras-especialidades\/proyectos-de-infraestructura-vial\/\" \/>\n<meta property=\"og:locale\" content=\"es_ES\" \/>\n<meta property=\"og:type\" content=\"article\" \/>\n<meta property=\"og:title\" content=\"Tranvia | Proyectos de infraestructura vial\" \/>\n<meta property=\"og:description\" content=\"Proyectos de infraestructura vial Elaboraci\u00f3n de estudios y dise\u00f1os del componente de tr\u00e1nsito, transporte, seguridad vial, y dem\u00e1s \u00e1reas afines a la Ingenier\u00eda de infraestructura vial. \u00a0Dise\u00f1o geom\u00e9trico de v\u00edas e intersecciones (planta, perfil, secciones transversales). Dise\u00f1os de diferentes alternativas de estructuras de pavimento. Dise\u00f1o hidr\u00e1ulico e hidrol\u00f3gico en proyectos viales. Sistemas de gesti\u00f3n para [&hellip;]\" \/>\n<meta property=\"og:url\" content=\"https:\/\/tranvia.com.co\/index.php\/nuestras-especialidades\/proyectos-de-infraestructura-vial\/\" \/>\n<meta property=\"og:site_name\" content=\"Tranvia\" \/>\n<meta property=\"article:modified_time\" content=\"2021-03-07T00:36:35+00:00\" \/>\n<meta property=\"og:image\" content=\"https:\/\/tranvia.com.co\/wp-content\/uploads\/elementor\/thumbs\/tranvia-sas-consultoria-para-la-implementacion-de-infraestructura-vial--p3kszfg5dh9pxff5vrwr4bers72d5z8ezoju31qw1k.jpg\" \/>\n<meta name=\"twitter:card\" content=\"summary_large_image\" \/>\n<meta name=\"twitter:label1\" content=\"Tiempo de lectura\">\n\t<meta name=\"twitter:data1\" content=\"1 minuto\">\n<script type=\"application\/ld+json\" class=\"yoast-schema-graph\">{\"@context\":\"https:\/\/schema.org\",\"@graph\":[{\"@type\":\"WebSite\",\"@id\":\"https:\/\/tranvia.com.co\/#website\",\"url\":\"https:\/\/tranvia.com.co\/\",\"name\":\"Tranvia\",\"description\":\"Proyectos de Ingenieria S.A.S.\",\"potentialAction\":[{\"@type\":\"SearchAction\",\"target\":\"https:\/\/tranvia.com.co\/?s={search_term_string}\",\"query-input\":\"required name=search_term_string\"}],\"inLanguage\":\"es\"},{\"@type\":\"ImageObject\",\"@id\":\"https:\/\/tranvia.com.co\/index.php\/nuestras-especialidades\/proyectos-de-infraestructura-vial\/#primaryimage\",\"inLanguage\":\"es\",\"url\":\"https:\/\/tranvia.com.co\/wp-content\/uploads\/elementor\/thumbs\/tranvia-sas-consultoria-para-la-implementacion-de-infraestructura-vial--p3kszfg5dh9pxff5vrwr4bers72d5z8ezoju31qw1k.jpg\"},{\"@type\":\"WebPage\",\"@id\":\"https:\/\/tranvia.com.co\/index.php\/nuestras-especialidades\/proyectos-de-infraestructura-vial\/#webpage\",\"url\":\"https:\/\/tranvia.com.co\/index.php\/nuestras-especialidades\/proyectos-de-infraestructura-vial\/\",\"name\":\"Tranvia | Proyectos de infraestructura vial\",\"isPartOf\":{\"@id\":\"https:\/\/tranvia.com.co\/#website\"},\"primaryImageOfPage\":{\"@id\":\"https:\/\/tranvia.com.co\/index.php\/nuestras-especialidades\/proyectos-de-infraestructura-vial\/#primaryimage\"},\"datePublished\":\"2021-02-10T20:58:36+00:00\",\"dateModified\":\"2021-03-07T00:36:35+00:00\",\"breadcrumb\":{\"@id\":\"https:\/\/tranvia.com.co\/index.php\/nuestras-especialidades\/proyectos-de-infraestructura-vial\/#breadcrumb\"},\"inLanguage\":\"es\",\"potentialAction\":[{\"@type\":\"ReadAction\",\"target\":[\"https:\/\/tranvia.com.co\/index.php\/nuestras-especialidades\/proyectos-de-infraestructura-vial\/\"]}]},{\"@type\":\"BreadcrumbList\",\"@id\":\"https:\/\/tranvia.com.co\/index.php\/nuestras-especialidades\/proyectos-de-infraestructura-vial\/#breadcrumb\",\"itemListElement\":[{\"@type\":\"ListItem\",\"position\":1,\"item\":{\"@type\":\"WebPage\",\"@id\":\"https:\/\/tranvia.com.co\/\",\"url\":\"https:\/\/tranvia.com.co\/\",\"name\":\"Portada\"}},{\"@type\":\"ListItem\",\"position\":2,\"item\":{\"@type\":\"WebPage\",\"@id\":\"https:\/\/tranvia.com.co\/index.php\/nuestras-especialidades\/\",\"url\":\"https:\/\/tranvia.com.co\/index.php\/nuestras-especialidades\/\",\"name\":\"Nuestras Especialidades\"}},{\"@type\":\"ListItem\",\"position\":3,\"item\":{\"@type\":\"WebPage\",\"@id\":\"https:\/\/tranvia.com.co\/index.php\/nuestras-especialidades\/proyectos-de-infraestructura-vial\/\",\"url\":\"https:\/\/tranvia.com.co\/index.php\/nuestras-especialidades\/proyectos-de-infraestructura-vial\/\",\"name\":\"Proyectos de infraestructura vial\"}}]}]}<\/script>\n<!-- \/ Yoast SEO plugin. -->","_links":{"self":[{"href":"https:\/\/tranvia.com.co\/index.php\/wp-json\/wp\/v2\/pages\/377","targetHints":{"allow":["GET"]}}],"collection":[{"href":"https:\/\/tranvia.com.co\/index.php\/wp-json\/wp\/v2\/pages"}],"about":[{"href":"https:\/\/tranvia.com.co\/index.php\/wp-json\/wp\/v2\/types\/page"}],"author":[{"embeddable":true,"href":"https:\/\/tranvia.com.co\/index.php\/wp-json\/wp\/v2\/users\/1"}],"replies":[{"embeddable":true,"href":"https:\/\/tranvia.com.co\/index.php\/wp-json\/wp\/v2\/comments?post=377"}],"version-history":[{"count":76,"href":"https:\/\/tranvia.com.co\/index.php\/wp-json\/wp\/v2\/pages\/377\/revisions"}],"predecessor-version":[{"id":1149,"href":"https:\/\/tranvia.com.co\/index.php\/wp-json\/wp\/v2\/pages\/377\/revisions\/1149"}],"up":[{"embeddable":true,"href":"https:\/\/tranvia.com.co\/index.php\/wp-json\/wp\/v2\/pages\/25"}],"wp:attachment":[{"href":"https:\/\/tranvia.com.co\/index.php\/wp-json\/wp\/v2\/media?parent=377"}],"curies":[{"name":"wp","href":"https:\/\/api.w.org\/{rel}","templated":true}]}}