{"id":373,"date":"2021-02-10T20:56:56","date_gmt":"2021-02-10T20:56:56","guid":{"rendered":"http:\/\/tranvia.com.co\/?page_id=373"},"modified":"2021-03-07T00:40:56","modified_gmt":"2021-03-07T00:40:56","slug":"seguridad-vial","status":"publish","type":"page","link":"https:\/\/tranvia.com.co\/index.php\/nuestras-especialidades\/seguridad-vial\/","title":{"rendered":"Seguridad vial"},"content":{"rendered":"\t\t<div data-elementor-type=\"wp-page\" data-elementor-id=\"373\" class=\"elementor elementor-373\" data-elementor-settings=\"[]\">\n\t\t\t\t\t\t\t<div class=\"elementor-section-wrap\">\n\t\t\t\t\t\t\t<section class=\"elementor-section elementor-top-section elementor-element elementor-element-2018d935 elementor-section-boxed elementor-section-height-default elementor-section-height-default\" data-id=\"2018d935\" data-element_type=\"section\">\n\t\t\t\t\t\t<div class=\"elementor-container elementor-column-gap-default\">\n\t\t\t\t\t<div class=\"elementor-column elementor-col-100 elementor-top-column elementor-element elementor-element-3d9066b3\" data-id=\"3d9066b3\" data-element_type=\"column\">\n\t\t\t<div class=\"elementor-widget-wrap elementor-element-populated\">\n\t\t\t\t\t\t\t\t<div class=\"elementor-element elementor-element-327415cd elementor-widget elementor-widget-spacer\" data-id=\"327415cd\" data-element_type=\"widget\" data-widget_type=\"spacer.default\">\n\t\t\t\t<div class=\"elementor-widget-container\">\n\t\t\t\t\t<div class=\"elementor-spacer\">\n\t\t\t<div class=\"elementor-spacer-inner\"><\/div>\n\t\t<\/div>\n\t\t\t\t<\/div>\n\t\t\t\t<\/div>\n\t\t\t\t\t<\/div>\n\t\t<\/div>\n\t\t\t\t\t\t\t<\/div>\n\t\t<\/section>\n\t\t\t\t<section class=\"elementor-section elementor-top-section elementor-element elementor-element-6ac90264 elementor-section-boxed elementor-section-height-default elementor-section-height-default\" data-id=\"6ac90264\" data-element_type=\"section\">\n\t\t\t\t\t\t<div class=\"elementor-container elementor-column-gap-default\">\n\t\t\t\t\t<div class=\"elementor-column elementor-col-100 elementor-top-column elementor-element elementor-element-149c576b\" data-id=\"149c576b\" data-element_type=\"column\">\n\t\t\t<div class=\"elementor-widget-wrap elementor-element-populated\">\n\t\t\t\t\t\t\t\t<div class=\"elementor-element elementor-element-4f53a378 elementor-widget elementor-widget-heading\" data-id=\"4f53a378\" data-element_type=\"widget\" data-widget_type=\"heading.default\">\n\t\t\t\t<div class=\"elementor-widget-container\">\n\t\t\t<h1 class=\"elementor-heading-title elementor-size-default\">Seguridad vial<\/h1>\t\t<\/div>\n\t\t\t\t<\/div>\n\t\t\t\t\t<\/div>\n\t\t<\/div>\n\t\t\t\t\t\t\t<\/div>\n\t\t<\/section>\n\t\t\t\t<section class=\"elementor-section elementor-top-section elementor-element elementor-element-46ffd432 elementor-section-boxed elementor-section-height-default elementor-section-height-default\" data-id=\"46ffd432\" data-element_type=\"section\">\n\t\t\t\t\t\t<div class=\"elementor-container elementor-column-gap-default\">\n\t\t\t\t\t<div class=\"elementor-column elementor-col-100 elementor-top-column elementor-element elementor-element-5c248e7b\" data-id=\"5c248e7b\" data-element_type=\"column\">\n\t\t\t<div class=\"elementor-widget-wrap elementor-element-populated\">\n\t\t\t\t\t\t\t\t<div class=\"elementor-element elementor-element-10c7b998 elementor-widget-divider--view-line elementor-widget elementor-widget-divider\" data-id=\"10c7b998\" data-element_type=\"widget\" data-widget_type=\"divider.default\">\n\t\t\t\t<div class=\"elementor-widget-container\">\n\t\t\t\t\t<div class=\"elementor-divider\">\n\t\t\t<span class=\"elementor-divider-separator\">\n\t\t\t\t\t\t<\/span>\n\t\t<\/div>\n\t\t\t\t<\/div>\n\t\t\t\t<\/div>\n\t\t\t\t\t<\/div>\n\t\t<\/div>\n\t\t\t\t\t\t\t<\/div>\n\t\t<\/section>\n\t\t\t\t<section class=\"elementor-section elementor-top-section elementor-element elementor-element-345b668 elementor-section-boxed elementor-section-height-default elementor-section-height-default\" data-id=\"345b668\" data-element_type=\"section\">\n\t\t\t\t\t\t<div class=\"elementor-container elementor-column-gap-default\">\n\t\t\t\t\t<div class=\"elementor-column elementor-col-100 elementor-top-column elementor-element elementor-element-34fe29c\" data-id=\"34fe29c\" data-element_type=\"column\">\n\t\t\t<div class=\"elementor-widget-wrap elementor-element-populated\">\n\t\t\t\t\t\t\t\t<div class=\"elementor-element elementor-element-cc15499 elementor-widget elementor-widget-spacer\" data-id=\"cc15499\" data-element_type=\"widget\" data-widget_type=\"spacer.default\">\n\t\t\t\t<div class=\"elementor-widget-container\">\n\t\t\t\t\t<div class=\"elementor-spacer\">\n\t\t\t<div class=\"elementor-spacer-inner\"><\/div>\n\t\t<\/div>\n\t\t\t\t<\/div>\n\t\t\t\t<\/div>\n\t\t\t\t\t<\/div>\n\t\t<\/div>\n\t\t\t\t\t\t\t<\/div>\n\t\t<\/section>\n\t\t\t\t<section class=\"elementor-section elementor-top-section elementor-element elementor-element-a9dd9ed elementor-section-boxed elementor-section-height-default elementor-section-height-default\" data-id=\"a9dd9ed\" data-element_type=\"section\">\n\t\t\t\t\t\t<div class=\"elementor-container elementor-column-gap-default\">\n\t\t\t\t\t<div class=\"elementor-column elementor-col-33 elementor-top-column elementor-element elementor-element-1e772ed\" data-id=\"1e772ed\" data-element_type=\"column\">\n\t\t\t<div class=\"elementor-widget-wrap elementor-element-populated\">\n\t\t\t\t\t\t\t\t<div class=\"elementor-element elementor-element-91cb9ab elementor-widget elementor-widget-text-editor\" data-id=\"91cb9ab\" data-element_type=\"widget\" data-widget_type=\"text-editor.default\">\n\t\t\t\t<div class=\"elementor-widget-container\">\n\t\t\t\t\t<div class=\"elementor-text-editor elementor-clearfix\"><ul><li>\u00a0Estudios de accidentalidad.<\/li><li>Inspecci\u00f3n de seguridad vial.<\/li><li>Auditorias de Seguridad vial.<\/li><li>Estudios de puntos cr\u00edticos o alta accidentalidad.<\/li><li>Evaluaci\u00f3n de la se\u00f1alizaci\u00f3n horizontal y vertical de la v\u00eda.<\/li><\/ul><\/div>\n\t\t\t\t<\/div>\n\t\t\t\t<\/div>\n\t\t\t\t\t<\/div>\n\t\t<\/div>\n\t\t\t\t<div class=\"elementor-column elementor-col-66 elementor-top-column elementor-element elementor-element-10918d4\" data-id=\"10918d4\" data-element_type=\"column\">\n\t\t\t<div class=\"elementor-widget-wrap elementor-element-populated\">\n\t\t\t\t\t\t\t\t<div class=\"elementor-element elementor-element-5c44ac3 elementor-widget elementor-widget-image\" data-id=\"5c44ac3\" data-element_type=\"widget\" data-widget_type=\"image.default\">\n\t\t\t\t<div class=\"elementor-widget-container\">\n\t\t\t\t\t<div class=\"elementor-image\">\n\t\t\t\t\t\t\t\t\t\t<img decoding=\"async\" src=\"https:\/\/tranvia.com.co\/wp-content\/uploads\/elementor\/thumbs\/tranvia-sas-seguridad-vial-01-p3jtvmi2fl7tvt60lzlr5qemmu70wf0owfkm2tlnzs.jpg\" title=\"tranvia-sas-seguridad-vial-01\" alt=\"tranvia-sas-seguridad-vial-01\" \/>\t\t\t\t\t\t\t\t\t\t\t<\/div>\n\t\t\t\t<\/div>\n\t\t\t\t<\/div>\n\t\t\t\t\t<\/div>\n\t\t<\/div>\n\t\t\t\t\t\t\t<\/div>\n\t\t<\/section>\n\t\t\t\t<section class=\"elementor-section elementor-top-section elementor-element elementor-element-7db2eca elementor-section-boxed elementor-section-height-default elementor-section-height-default\" data-id=\"7db2eca\" data-element_type=\"section\">\n\t\t\t\t\t\t<div class=\"elementor-container elementor-column-gap-default\">\n\t\t\t\t\t<div class=\"elementor-column elementor-col-100 elementor-top-column elementor-element elementor-element-102ff5d\" data-id=\"102ff5d\" data-element_type=\"column\">\n\t\t\t<div class=\"elementor-widget-wrap elementor-element-populated\">\n\t\t\t\t\t\t\t\t<div class=\"elementor-element elementor-element-5ad73e6 elementor-widget elementor-widget-spacer\" data-id=\"5ad73e6\" data-element_type=\"widget\" data-widget_type=\"spacer.default\">\n\t\t\t\t<div class=\"elementor-widget-container\">\n\t\t\t\t\t<div class=\"elementor-spacer\">\n\t\t\t<div class=\"elementor-spacer-inner\"><\/div>\n\t\t<\/div>\n\t\t\t\t<\/div>\n\t\t\t\t<\/div>\n\t\t\t\t\t<\/div>\n\t\t<\/div>\n\t\t\t\t\t\t\t<\/div>\n\t\t<\/section>\n\t\t\t\t\t\t<\/div>\n\t\t\t\t\t<\/div>\n\t\t","protected":false},"excerpt":{"rendered":"<p>Seguridad vial \u00a0Estudios de accidentalidad. Inspecci\u00f3n de seguridad vial. Auditorias de Seguridad vial. Estudios de puntos cr\u00edticos o alta accidentalidad. Evaluaci\u00f3n de la se\u00f1alizaci\u00f3n horizontal y vertical de la v\u00eda.<\/p>\n","protected":false},"author":1,"featured_media":0,"parent":25,"menu_order":2,"comment_status":"closed","ping_status":"closed","template":"","meta":{"footnotes":""},"class_list":["post-373","page","type-page","status-publish","hentry","entry"],"yoast_head":"<!-- This site is optimized with the Yoast SEO plugin v15.9 - https:\/\/yoast.com\/wordpress\/plugins\/seo\/ -->\n<title>Tranvia | Seguridad vial<\/title>\n<meta name=\"robots\" content=\"index, follow, max-snippet:-1, max-image-preview:large, max-video-preview:-1\" \/>\n<link rel=\"canonical\" href=\"https:\/\/tranvia.com.co\/index.php\/nuestras-especialidades\/seguridad-vial\/\" \/>\n<meta property=\"og:locale\" content=\"es_ES\" \/>\n<meta property=\"og:type\" content=\"article\" \/>\n<meta property=\"og:title\" content=\"Tranvia | Seguridad vial\" \/>\n<meta property=\"og:description\" content=\"Seguridad vial \u00a0Estudios de accidentalidad. Inspecci\u00f3n de seguridad vial. Auditorias de Seguridad vial. Estudios de puntos cr\u00edticos o alta accidentalidad. Evaluaci\u00f3n de la se\u00f1alizaci\u00f3n horizontal y vertical de la v\u00eda.\" \/>\n<meta property=\"og:url\" content=\"https:\/\/tranvia.com.co\/index.php\/nuestras-especialidades\/seguridad-vial\/\" \/>\n<meta property=\"og:site_name\" content=\"Tranvia\" \/>\n<meta property=\"article:modified_time\" content=\"2021-03-07T00:40:56+00:00\" \/>\n<meta property=\"og:image\" content=\"https:\/\/tranvia.com.co\/wp-content\/uploads\/elementor\/thumbs\/tranvia-sas-seguridad-vial-01-p3jtvmi2fl7tvt60lzlr5qemmu70wf0owfkm2tlnzs.jpg\" \/>\n<meta name=\"twitter:card\" content=\"summary_large_image\" \/>\n<meta name=\"twitter:label1\" content=\"Tiempo de lectura\">\n\t<meta name=\"twitter:data1\" content=\"1 minuto\">\n<script type=\"application\/ld+json\" class=\"yoast-schema-graph\">{\"@context\":\"https:\/\/schema.org\",\"@graph\":[{\"@type\":\"WebSite\",\"@id\":\"https:\/\/tranvia.com.co\/#website\",\"url\":\"https:\/\/tranvia.com.co\/\",\"name\":\"Tranvia\",\"description\":\"Proyectos de Ingenieria S.A.S.\",\"potentialAction\":[{\"@type\":\"SearchAction\",\"target\":\"https:\/\/tranvia.com.co\/?s={search_term_string}\",\"query-input\":\"required name=search_term_string\"}],\"inLanguage\":\"es\"},{\"@type\":\"ImageObject\",\"@id\":\"https:\/\/tranvia.com.co\/index.php\/nuestras-especialidades\/seguridad-vial\/#primaryimage\",\"inLanguage\":\"es\",\"url\":\"https:\/\/tranvia.com.co\/wp-content\/uploads\/elementor\/thumbs\/tranvia-sas-seguridad-vial-01-p3jtvmi2fl7tvt60lzlr5qemmu70wf0owfkm2tlnzs.jpg\"},{\"@type\":\"WebPage\",\"@id\":\"https:\/\/tranvia.com.co\/index.php\/nuestras-especialidades\/seguridad-vial\/#webpage\",\"url\":\"https:\/\/tranvia.com.co\/index.php\/nuestras-especialidades\/seguridad-vial\/\",\"name\":\"Tranvia | Seguridad vial\",\"isPartOf\":{\"@id\":\"https:\/\/tranvia.com.co\/#website\"},\"primaryImageOfPage\":{\"@id\":\"https:\/\/tranvia.com.co\/index.php\/nuestras-especialidades\/seguridad-vial\/#primaryimage\"},\"datePublished\":\"2021-02-10T20:56:56+00:00\",\"dateModified\":\"2021-03-07T00:40:56+00:00\",\"breadcrumb\":{\"@id\":\"https:\/\/tranvia.com.co\/index.php\/nuestras-especialidades\/seguridad-vial\/#breadcrumb\"},\"inLanguage\":\"es\",\"potentialAction\":[{\"@type\":\"ReadAction\",\"target\":[\"https:\/\/tranvia.com.co\/index.php\/nuestras-especialidades\/seguridad-vial\/\"]}]},{\"@type\":\"BreadcrumbList\",\"@id\":\"https:\/\/tranvia.com.co\/index.php\/nuestras-especialidades\/seguridad-vial\/#breadcrumb\",\"itemListElement\":[{\"@type\":\"ListItem\",\"position\":1,\"item\":{\"@type\":\"WebPage\",\"@id\":\"https:\/\/tranvia.com.co\/\",\"url\":\"https:\/\/tranvia.com.co\/\",\"name\":\"Portada\"}},{\"@type\":\"ListItem\",\"position\":2,\"item\":{\"@type\":\"WebPage\",\"@id\":\"https:\/\/tranvia.com.co\/index.php\/nuestras-especialidades\/\",\"url\":\"https:\/\/tranvia.com.co\/index.php\/nuestras-especialidades\/\",\"name\":\"Nuestras Especialidades\"}},{\"@type\":\"ListItem\",\"position\":3,\"item\":{\"@type\":\"WebPage\",\"@id\":\"https:\/\/tranvia.com.co\/index.php\/nuestras-especialidades\/seguridad-vial\/\",\"url\":\"https:\/\/tranvia.com.co\/index.php\/nuestras-especialidades\/seguridad-vial\/\",\"name\":\"Seguridad vial\"}}]}]}<\/script>\n<!-- \/ Yoast SEO plugin. -->","_links":{"self":[{"href":"https:\/\/tranvia.com.co\/index.php\/wp-json\/wp\/v2\/pages\/373","targetHints":{"allow":["GET"]}}],"collection":[{"href":"https:\/\/tranvia.com.co\/index.php\/wp-json\/wp\/v2\/pages"}],"about":[{"href":"https:\/\/tranvia.com.co\/index.php\/wp-json\/wp\/v2\/types\/page"}],"author":[{"embeddable":true,"href":"https:\/\/tranvia.com.co\/index.php\/wp-json\/wp\/v2\/users\/1"}],"replies":[{"embeddable":true,"href":"https:\/\/tranvia.com.co\/index.php\/wp-json\/wp\/v2\/comments?post=373"}],"version-history":[{"count":35,"href":"https:\/\/tranvia.com.co\/index.php\/wp-json\/wp\/v2\/pages\/373\/revisions"}],"predecessor-version":[{"id":1152,"href":"https:\/\/tranvia.com.co\/index.php\/wp-json\/wp\/v2\/pages\/373\/revisions\/1152"}],"up":[{"embeddable":true,"href":"https:\/\/tranvia.com.co\/index.php\/wp-json\/wp\/v2\/pages\/25"}],"wp:attachment":[{"href":"https:\/\/tranvia.com.co\/index.php\/wp-json\/wp\/v2\/media?parent=373"}],"curies":[{"name":"wp","href":"https:\/\/api.w.org\/{rel}","templated":true}]}}