{"id":1191,"date":"2022-08-10T15:12:54","date_gmt":"2022-08-10T15:12:54","guid":{"rendered":"https:\/\/tranvia.com.co\/?page_id=1191"},"modified":"2022-09-06T21:22:23","modified_gmt":"2022-09-06T21:22:23","slug":"curso-basico-ptv-vissim","status":"publish","type":"page","link":"https:\/\/tranvia.com.co\/index.php\/curso-basico-ptv-vissim\/","title":{"rendered":"CURSO B\u00c1SICO PTV VISSIM"},"content":{"rendered":"\t\t<div data-elementor-type=\"wp-page\" data-elementor-id=\"1191\" class=\"elementor elementor-1191\" data-elementor-settings=\"[]\">\n\t\t\t\t\t\t\t<div class=\"elementor-section-wrap\">\n\t\t\t\t\t\t\t<section class=\"elementor-section elementor-top-section elementor-element elementor-element-b152509 elementor-section-boxed elementor-section-height-default elementor-section-height-default\" data-id=\"b152509\" data-element_type=\"section\">\n\t\t\t\t\t\t<div class=\"elementor-container elementor-column-gap-default\">\n\t\t\t\t\t<div class=\"elementor-column elementor-col-100 elementor-top-column elementor-element elementor-element-b97a70e\" data-id=\"b97a70e\" data-element_type=\"column\">\n\t\t\t<div class=\"elementor-widget-wrap elementor-element-populated\">\n\t\t\t\t\t\t\t\t<div class=\"elementor-element elementor-element-0a023b9 elementor-widget elementor-widget-spacer\" data-id=\"0a023b9\" data-element_type=\"widget\" data-widget_type=\"spacer.default\">\n\t\t\t\t<div class=\"elementor-widget-container\">\n\t\t\t\t\t<div class=\"elementor-spacer\">\n\t\t\t<div class=\"elementor-spacer-inner\"><\/div>\n\t\t<\/div>\n\t\t\t\t<\/div>\n\t\t\t\t<\/div>\n\t\t\t\t\t<\/div>\n\t\t<\/div>\n\t\t\t\t\t\t\t<\/div>\n\t\t<\/section>\n\t\t\t\t<section class=\"elementor-section elementor-top-section elementor-element elementor-element-d5229db elementor-section-boxed elementor-section-height-default elementor-section-height-default\" data-id=\"d5229db\" data-element_type=\"section\">\n\t\t\t\t\t\t<div class=\"elementor-container elementor-column-gap-default\">\n\t\t\t\t\t<div class=\"elementor-column elementor-col-100 elementor-top-column elementor-element elementor-element-680b120\" data-id=\"680b120\" data-element_type=\"column\">\n\t\t\t<div class=\"elementor-widget-wrap elementor-element-populated\">\n\t\t\t\t\t\t\t\t<div class=\"elementor-element elementor-element-d3fe8cd elementor-widget elementor-widget-heading\" data-id=\"d3fe8cd\" data-element_type=\"widget\" data-widget_type=\"heading.default\">\n\t\t\t\t<div class=\"elementor-widget-container\">\n\t\t\t<h2 class=\"elementor-heading-title elementor-size-default\">Curso B\u00e1sico PTV Vissim<\/h2>\t\t<\/div>\n\t\t\t\t<\/div>\n\t\t\t\t\t<\/div>\n\t\t<\/div>\n\t\t\t\t\t\t\t<\/div>\n\t\t<\/section>\n\t\t\t\t<section class=\"elementor-section elementor-top-section elementor-element elementor-element-4ac293b elementor-section-boxed elementor-section-height-default elementor-section-height-default\" data-id=\"4ac293b\" data-element_type=\"section\">\n\t\t\t\t\t\t<div class=\"elementor-container elementor-column-gap-default\">\n\t\t\t\t\t<div class=\"elementor-column elementor-col-100 elementor-top-column elementor-element elementor-element-7bf7a8c\" data-id=\"7bf7a8c\" data-element_type=\"column\">\n\t\t\t<div class=\"elementor-widget-wrap elementor-element-populated\">\n\t\t\t\t\t\t\t\t<div class=\"elementor-element elementor-element-b5306d6 elementor-widget elementor-widget-spacer\" data-id=\"b5306d6\" data-element_type=\"widget\" data-widget_type=\"spacer.default\">\n\t\t\t\t<div class=\"elementor-widget-container\">\n\t\t\t\t\t<div class=\"elementor-spacer\">\n\t\t\t<div class=\"elementor-spacer-inner\"><\/div>\n\t\t<\/div>\n\t\t\t\t<\/div>\n\t\t\t\t<\/div>\n\t\t\t\t<div class=\"elementor-element elementor-element-797fd51 elementor-widget elementor-widget-heading\" data-id=\"797fd51\" data-element_type=\"widget\" data-widget_type=\"heading.default\">\n\t\t\t\t<div class=\"elementor-widget-container\">\n\t\t\t<h3 class=\"elementor-heading-title elementor-size-default\">TEMARIO DEL CURSO INTERMEDIO PTV VISSIM<\/h3>\t\t<\/div>\n\t\t\t\t<\/div>\n\t\t\t\t\t<\/div>\n\t\t<\/div>\n\t\t\t\t\t\t\t<\/div>\n\t\t<\/section>\n\t\t\t\t<section class=\"elementor-section elementor-top-section elementor-element elementor-element-e92fc3e elementor-section-boxed elementor-section-height-default elementor-section-height-default\" data-id=\"e92fc3e\" data-element_type=\"section\">\n\t\t\t\t\t\t<div class=\"elementor-container elementor-column-gap-default\">\n\t\t\t\t\t<div class=\"elementor-column elementor-col-100 elementor-top-column elementor-element elementor-element-9943444\" data-id=\"9943444\" data-element_type=\"column\">\n\t\t\t<div class=\"elementor-widget-wrap elementor-element-populated\">\n\t\t\t\t\t\t\t\t<div class=\"elementor-element elementor-element-7f0ac21 elementor-widget elementor-widget-spacer\" data-id=\"7f0ac21\" data-element_type=\"widget\" data-widget_type=\"spacer.default\">\n\t\t\t\t<div class=\"elementor-widget-container\">\n\t\t\t\t\t<div class=\"elementor-spacer\">\n\t\t\t<div class=\"elementor-spacer-inner\"><\/div>\n\t\t<\/div>\n\t\t\t\t<\/div>\n\t\t\t\t<\/div>\n\t\t\t\t\t<\/div>\n\t\t<\/div>\n\t\t\t\t\t\t\t<\/div>\n\t\t<\/section>\n\t\t\t\t<section class=\"elementor-section elementor-top-section elementor-element elementor-element-c80a80e elementor-section-boxed elementor-section-height-default elementor-section-height-default\" data-id=\"c80a80e\" data-element_type=\"section\">\n\t\t\t\t\t\t<div class=\"elementor-container elementor-column-gap-default\">\n\t\t\t\t\t<div class=\"elementor-column elementor-col-50 elementor-top-column elementor-element elementor-element-a861b36\" data-id=\"a861b36\" data-element_type=\"column\">\n\t\t\t<div class=\"elementor-widget-wrap elementor-element-populated\">\n\t\t\t\t\t\t\t\t<div class=\"elementor-element elementor-element-9002cca elementor-widget elementor-widget-heading\" data-id=\"9002cca\" data-element_type=\"widget\" data-widget_type=\"heading.default\">\n\t\t\t\t<div class=\"elementor-widget-container\">\n\t\t\t<h2 class=\"elementor-heading-title elementor-size-default\">Descripci\u00f3n<\/h2>\t\t<\/div>\n\t\t\t\t<\/div>\n\t\t\t\t<div class=\"elementor-element elementor-element-0fefe1a elementor-widget-divider--view-line elementor-widget elementor-widget-divider\" data-id=\"0fefe1a\" data-element_type=\"widget\" data-widget_type=\"divider.default\">\n\t\t\t\t<div class=\"elementor-widget-container\">\n\t\t\t\t\t<div class=\"elementor-divider\">\n\t\t\t<span class=\"elementor-divider-separator\">\n\t\t\t\t\t\t<\/span>\n\t\t<\/div>\n\t\t\t\t<\/div>\n\t\t\t\t<\/div>\n\t\t\t\t<div class=\"elementor-element elementor-element-504b1c7 elementor-widget elementor-widget-text-editor\" data-id=\"504b1c7\" data-element_type=\"widget\" data-widget_type=\"text-editor.default\">\n\t\t\t\t<div class=\"elementor-widget-container\">\n\t\t\t\t\t<div class=\"elementor-text-editor elementor-clearfix\"><p>En este curso introductorio se dar\u00e1n a conocer los primeros pasos para construir un modelo en el software PTV Vissim, teniendo en cuenta 3 elementos principales:<\/p><ul><li>Construcci\u00f3n de la red vial<\/li><li>Uso de elementos de control de red<\/li><li>Demanda vehicular<\/li><\/ul><p>Posteriormente, se aprender\u00e1 a obtener e interpretar indicadores de tr\u00e1nsito para intersecciones de prioridad y semaforizadas.<\/p><p>Al finalizar el curso, los participantes tendr\u00e1n el conocimiento para construir modelos en Vissim y obtener e interpretar indicadores que se obtiene a partir de estos.<\/p><\/div>\n\t\t\t\t<\/div>\n\t\t\t\t<\/div>\n\t\t\t\t\t<\/div>\n\t\t<\/div>\n\t\t\t\t<div class=\"elementor-column elementor-col-50 elementor-top-column elementor-element elementor-element-c4ffe34\" data-id=\"c4ffe34\" data-element_type=\"column\">\n\t\t\t<div class=\"elementor-widget-wrap elementor-element-populated\">\n\t\t\t\t\t\t\t\t<div class=\"elementor-element elementor-element-5902bf1 elementor-widget elementor-widget-image\" data-id=\"5902bf1\" data-element_type=\"widget\" data-widget_type=\"image.default\">\n\t\t\t\t<div class=\"elementor-widget-container\">\n\t\t\t\t\t<div class=\"elementor-image\">\n\t\t\t\t\t\t\t\t\t\t<img loading=\"lazy\" decoding=\"async\" width=\"1024\" height=\"506\" src=\"https:\/\/tranvia.com.co\/wp-content\/uploads\/2022\/09\/tranvia-basico-ptv-vissim-1024x506.jpeg\" class=\"attachment-large size-large\" alt=\"\" srcset=\"https:\/\/tranvia.com.co\/wp-content\/uploads\/2022\/09\/tranvia-basico-ptv-vissim-1024x506.jpeg 1024w, https:\/\/tranvia.com.co\/wp-content\/uploads\/2022\/09\/tranvia-basico-ptv-vissim-300x148.jpeg 300w, https:\/\/tranvia.com.co\/wp-content\/uploads\/2022\/09\/tranvia-basico-ptv-vissim-768x380.jpeg 768w, https:\/\/tranvia.com.co\/wp-content\/uploads\/2022\/09\/tranvia-basico-ptv-vissim.jpeg 1280w\" sizes=\"auto, (max-width: 1024px) 100vw, 1024px\" \/>\t\t\t\t\t\t\t\t\t\t\t<\/div>\n\t\t\t\t<\/div>\n\t\t\t\t<\/div>\n\t\t\t\t\t<\/div>\n\t\t<\/div>\n\t\t\t\t\t\t\t<\/div>\n\t\t<\/section>\n\t\t\t\t<section class=\"elementor-section elementor-top-section elementor-element elementor-element-79a8ee0 elementor-section-boxed elementor-section-height-default elementor-section-height-default\" data-id=\"79a8ee0\" data-element_type=\"section\">\n\t\t\t\t\t\t<div class=\"elementor-container elementor-column-gap-default\">\n\t\t\t\t\t<div class=\"elementor-column elementor-col-50 elementor-top-column elementor-element elementor-element-87bffab\" data-id=\"87bffab\" data-element_type=\"column\">\n\t\t\t<div class=\"elementor-widget-wrap elementor-element-populated\">\n\t\t\t\t\t\t\t\t<div class=\"elementor-element elementor-element-43173f5 elementor-widget elementor-widget-image\" data-id=\"43173f5\" data-element_type=\"widget\" data-widget_type=\"image.default\">\n\t\t\t\t<div class=\"elementor-widget-container\">\n\t\t\t\t\t<div class=\"elementor-image\">\n\t\t\t\t\t\t\t\t\t\t<img loading=\"lazy\" decoding=\"async\" width=\"1024\" height=\"427\" src=\"https:\/\/tranvia.com.co\/wp-content\/uploads\/2022\/09\/tranvia-cursoptv-vissim-1024x427.jpeg\" class=\"attachment-large size-large\" alt=\"\" srcset=\"https:\/\/tranvia.com.co\/wp-content\/uploads\/2022\/09\/tranvia-cursoptv-vissim-1024x427.jpeg 1024w, https:\/\/tranvia.com.co\/wp-content\/uploads\/2022\/09\/tranvia-cursoptv-vissim-300x125.jpeg 300w, https:\/\/tranvia.com.co\/wp-content\/uploads\/2022\/09\/tranvia-cursoptv-vissim-768x320.jpeg 768w, https:\/\/tranvia.com.co\/wp-content\/uploads\/2022\/09\/tranvia-cursoptv-vissim.jpeg 1280w\" sizes=\"auto, (max-width: 1024px) 100vw, 1024px\" \/>\t\t\t\t\t\t\t\t\t\t\t<\/div>\n\t\t\t\t<\/div>\n\t\t\t\t<\/div>\n\t\t\t\t\t<\/div>\n\t\t<\/div>\n\t\t\t\t<div class=\"elementor-column elementor-col-50 elementor-top-column elementor-element elementor-element-e042d76\" data-id=\"e042d76\" data-element_type=\"column\">\n\t\t\t<div class=\"elementor-widget-wrap elementor-element-populated\">\n\t\t\t\t\t\t\t\t<div class=\"elementor-element elementor-element-d978aa8 elementor-widget elementor-widget-heading\" data-id=\"d978aa8\" data-element_type=\"widget\" data-widget_type=\"heading.default\">\n\t\t\t\t<div class=\"elementor-widget-container\">\n\t\t\t<h2 class=\"elementor-heading-title elementor-size-default\">Contenido del curso<\/h2>\t\t<\/div>\n\t\t\t\t<\/div>\n\t\t\t\t<div class=\"elementor-element elementor-element-9bd86ed elementor-widget-divider--view-line elementor-widget elementor-widget-divider\" data-id=\"9bd86ed\" data-element_type=\"widget\" data-widget_type=\"divider.default\">\n\t\t\t\t<div class=\"elementor-widget-container\">\n\t\t\t\t\t<div class=\"elementor-divider\">\n\t\t\t<span class=\"elementor-divider-separator\">\n\t\t\t\t\t\t<\/span>\n\t\t<\/div>\n\t\t\t\t<\/div>\n\t\t\t\t<\/div>\n\t\t\t\t<div class=\"elementor-element elementor-element-2ffbb3b elementor-widget elementor-widget-text-editor\" data-id=\"2ffbb3b\" data-element_type=\"widget\" data-widget_type=\"text-editor.default\">\n\t\t\t\t<div class=\"elementor-widget-container\">\n\t\t\t\t\t<div class=\"elementor-text-editor elementor-clearfix\"><ul><li>Construcci\u00f3n de red vial en Vissim: Imagen de fondo, enlaces, conectores.<\/li><li>Construcci\u00f3n de pasos a desnivel y glorietas.<\/li><li>Demanda vehicular: Ingresar volumen, composici\u00f3n, creaci\u00f3n de veh\u00edculos.<\/li><li>Rutas vehiculares est\u00e1ticas.<\/li><li>Controles semaf\u00f3ricos: conceptos b\u00e1sicos de ciclos semaf\u00f3ricos, configuraci\u00f3n de intersecci\u00f3n semaforizada.<\/li><li>Reglas de prioridad para intersecciones no semaforizadas &#8211; \u00e1reas de conflicto.<\/li><li>Restricciones a la velocidad: Reductores de velocidad y decisiones de velocidad deseada.<\/li><li>Evaluaci\u00f3n por nodos en intersecciones: vol\u00famenes, colas, demoras y niveles de servicio.<\/li><li>Grabaci\u00f3n de v\u00eddeos.<\/li><\/ul><\/div>\n\t\t\t\t<\/div>\n\t\t\t\t<\/div>\n\t\t\t\t\t<\/div>\n\t\t<\/div>\n\t\t\t\t\t\t\t<\/div>\n\t\t<\/section>\n\t\t\t\t<section class=\"elementor-section elementor-top-section elementor-element elementor-element-00c3736 elementor-section-boxed elementor-section-height-default elementor-section-height-default\" data-id=\"00c3736\" data-element_type=\"section\">\n\t\t\t\t\t\t<div class=\"elementor-container elementor-column-gap-default\">\n\t\t\t\t\t<div class=\"elementor-column elementor-col-100 elementor-top-column elementor-element elementor-element-6390f92\" data-id=\"6390f92\" data-element_type=\"column\">\n\t\t\t<div class=\"elementor-widget-wrap elementor-element-populated\">\n\t\t\t\t\t\t\t\t<div class=\"elementor-element elementor-element-c54210a elementor-widget elementor-widget-heading\" data-id=\"c54210a\" data-element_type=\"widget\" data-widget_type=\"heading.default\">\n\t\t\t\t<div class=\"elementor-widget-container\">\n\t\t\t<h2 class=\"elementor-heading-title elementor-size-default\">Certificados<\/h2>\t\t<\/div>\n\t\t\t\t<\/div>\n\t\t\t\t<div class=\"elementor-element elementor-element-846a1e4 elementor-widget-divider--view-line elementor-widget elementor-widget-divider\" data-id=\"846a1e4\" data-element_type=\"widget\" data-widget_type=\"divider.default\">\n\t\t\t\t<div class=\"elementor-widget-container\">\n\t\t\t\t\t<div class=\"elementor-divider\">\n\t\t\t<span class=\"elementor-divider-separator\">\n\t\t\t\t\t\t<\/span>\n\t\t<\/div>\n\t\t\t\t<\/div>\n\t\t\t\t<\/div>\n\t\t\t\t<div class=\"elementor-element elementor-element-30dc0df elementor-widget elementor-widget-text-editor\" data-id=\"30dc0df\" data-element_type=\"widget\" data-widget_type=\"text-editor.default\">\n\t\t\t\t<div class=\"elementor-widget-container\">\n\t\t\t\t\t<div class=\"elementor-text-editor elementor-clearfix\"><p>Al finalizar el curso se entregar\u00e1 un certificado de asistencia para aquellos que completen una asistencia del 80% y entreguen el trabajo final.<\/p><\/div>\n\t\t\t\t<\/div>\n\t\t\t\t<\/div>\n\t\t\t\t\t<\/div>\n\t\t<\/div>\n\t\t\t\t\t\t\t<\/div>\n\t\t<\/section>\n\t\t\t\t<section class=\"elementor-section elementor-top-section elementor-element elementor-element-9a9f8b9 elementor-section-boxed elementor-section-height-default elementor-section-height-default\" data-id=\"9a9f8b9\" data-element_type=\"section\">\n\t\t\t\t\t\t<div class=\"elementor-container elementor-column-gap-default\">\n\t\t\t\t\t<div class=\"elementor-column elementor-col-16 elementor-top-column elementor-element elementor-element-00f2cd0\" data-id=\"00f2cd0\" data-element_type=\"column\">\n\t\t\t<div class=\"elementor-widget-wrap\">\n\t\t\t\t\t\t\t\t\t<\/div>\n\t\t<\/div>\n\t\t\t\t<div class=\"elementor-column elementor-col-66 elementor-top-column elementor-element elementor-element-bf1ab24\" data-id=\"bf1ab24\" data-element_type=\"column\">\n\t\t\t<div class=\"elementor-widget-wrap elementor-element-populated\">\n\t\t\t\t\t\t\t\t<div class=\"elementor-element elementor-element-90f6991 elementor-widget elementor-widget-heading\" data-id=\"90f6991\" data-element_type=\"widget\" data-widget_type=\"heading.default\">\n\t\t\t\t<div class=\"elementor-widget-container\">\n\t\t\t<h3 class=\"elementor-heading-title elementor-size-default\">Inscribete en nuestro curso<\/h3>\t\t<\/div>\n\t\t\t\t<\/div>\n\t\t\t\t<div class=\"elementor-element elementor-element-09ed692 elementor-widget elementor-widget-premium-contact-form\" data-id=\"09ed692\" data-element_type=\"widget\" data-widget_type=\"premium-contact-form.default\">\n\t\t\t\t<div class=\"elementor-widget-container\">\n\t\t\t\n\t\t\t<div class=\"premium-cf7-container\">\n\t\t\t\t<div role=\"form\" class=\"wpcf7\" id=\"wpcf7-f1392-o1\" lang=\"es-ES\" dir=\"ltr\">\n<div class=\"screen-reader-response\"><p role=\"status\" aria-live=\"polite\" aria-atomic=\"true\"><\/p> <ul><\/ul><\/div>\n<form action=\"\/index.php\/wp-json\/wp\/v2\/pages\/1191#wpcf7-f1392-o1\" method=\"post\" class=\"wpcf7-form init\" novalidate=\"novalidate\" data-status=\"init\">\n<div style=\"display: none;\">\n<input type=\"hidden\" name=\"_wpcf7\" value=\"1392\" \/>\n<input type=\"hidden\" name=\"_wpcf7_version\" value=\"5.4\" \/>\n<input type=\"hidden\" name=\"_wpcf7_locale\" value=\"es_ES\" \/>\n<input type=\"hidden\" name=\"_wpcf7_unit_tag\" value=\"wpcf7-f1392-o1\" \/>\n<input type=\"hidden\" name=\"_wpcf7_container_post\" value=\"0\" \/>\n<input type=\"hidden\" name=\"_wpcf7_posted_data_hash\" value=\"\" \/>\n<\/div>\n<p><label> Tu correo electr\u00f3nico<br \/>\n    <span class=\"wpcf7-form-control-wrap your-email\"><input type=\"email\" name=\"your-email\" value=\"\" size=\"40\" class=\"wpcf7-form-control wpcf7-text wpcf7-email wpcf7-validates-as-required wpcf7-validates-as-email\" aria-required=\"true\" aria-invalid=\"false\" \/><\/span> <\/label><\/p>\n<p><label> Tu nombre<br \/>\n    <span class=\"wpcf7-form-control-wrap your-name\"><input type=\"text\" name=\"your-name\" value=\"\" size=\"40\" class=\"wpcf7-form-control wpcf7-text wpcf7-validates-as-required\" aria-required=\"true\" aria-invalid=\"false\" \/><\/span> <\/label><\/p>\n<p><label> Telefono de contacto<br \/>\n<span class=\"wpcf7-form-control-wrap tel-386\"><input type=\"tel\" name=\"tel-386\" value=\"\" size=\"40\" class=\"wpcf7-form-control wpcf7-text wpcf7-tel wpcf7-validates-as-required wpcf7-validates-as-tel\" aria-required=\"true\" aria-invalid=\"false\" \/><\/span> <\/label><\/p>\n<p><label> Empresa o instituci\u00f3n<br \/>\n<span class=\"wpcf7-form-control-wrap text-empresa-institucion\"><input type=\"text\" name=\"text-empresa-institucion\" value=\"\" size=\"40\" class=\"wpcf7-form-control wpcf7-text\" aria-invalid=\"false\" \/><\/span> <\/label><\/p>\n<p><label> Pa\u00eds<br \/>\n<span class=\"wpcf7-form-control-wrap text-pais\"><input type=\"text\" name=\"text-pais\" value=\"\" size=\"40\" class=\"wpcf7-form-control wpcf7-text wpcf7-validates-as-required\" aria-required=\"true\" aria-invalid=\"false\" \/><\/span> <\/label><\/p>\n<p><label> Ciudad<br \/>\n<span class=\"wpcf7-form-control-wrap text-ciudad\"><input type=\"text\" name=\"text-ciudad\" value=\"\" size=\"40\" class=\"wpcf7-form-control wpcf7-text wpcf7-validates-as-required\" aria-required=\"true\" aria-invalid=\"false\" \/><\/span> <\/label><\/p>\n<p><span class=\"wpcf7-form-control-wrap radio-comocurso\"><span class=\"wpcf7-form-control wpcf7-radio\"><span class=\"wpcf7-list-item first\"><label><input type=\"radio\" name=\"radio-comocurso\" value=\"YouTube\" checked=\"checked\" \/><span class=\"wpcf7-list-item-label\">YouTube<\/span><\/label><\/span><span class=\"wpcf7-list-item\"><label><input type=\"radio\" name=\"radio-comocurso\" value=\"LInkedIn\" \/><span class=\"wpcf7-list-item-label\">LInkedIn<\/span><\/label><\/span><span class=\"wpcf7-list-item\"><label><input type=\"radio\" name=\"radio-comocurso\" value=\"Facebook\" \/><span class=\"wpcf7-list-item-label\">Facebook<\/span><\/label><\/span><span class=\"wpcf7-list-item\"><label><input type=\"radio\" name=\"radio-comocurso\" value=\"WhatsApp\" \/><span class=\"wpcf7-list-item-label\">WhatsApp<\/span><\/label><\/span><span class=\"wpcf7-list-item\"><label><input type=\"radio\" name=\"radio-comocurso\" value=\"Telegram\" \/><span class=\"wpcf7-list-item-label\">Telegram<\/span><\/label><\/span><span class=\"wpcf7-list-item last\"><label><input type=\"radio\" name=\"radio-comocurso\" value=\"Recomendaci\u00f3n\" \/><span class=\"wpcf7-list-item-label\">Recomendaci\u00f3n<\/span><\/label><\/span><\/span><\/span><\/p>\n<p><label> Comentarios<br \/>\n    <span class=\"wpcf7-form-control-wrap your-message\"><textarea name=\"your-message\" cols=\"40\" rows=\"10\" class=\"wpcf7-form-control wpcf7-textarea\" aria-invalid=\"false\"><\/textarea><\/span><\/label><\/p>\n<p><input type=\"submit\" value=\"Enviar\" class=\"wpcf7-form-control wpcf7-submit\" \/><\/p>\n<div class=\"wpcf7-response-output\" aria-hidden=\"true\"><\/div><\/form><\/div>\t\t\t<\/div>\n\n\t\t\t\t\t<\/div>\n\t\t\t\t<\/div>\n\t\t\t\t\t<\/div>\n\t\t<\/div>\n\t\t\t\t<div class=\"elementor-column elementor-col-16 elementor-top-column elementor-element elementor-element-2358d53\" data-id=\"2358d53\" data-element_type=\"column\">\n\t\t\t<div class=\"elementor-widget-wrap\">\n\t\t\t\t\t\t\t\t\t<\/div>\n\t\t<\/div>\n\t\t\t\t\t\t\t<\/div>\n\t\t<\/section>\n\t\t\t\t\t\t<\/div>\n\t\t\t\t\t<\/div>\n\t\t","protected":false},"excerpt":{"rendered":"<p>Curso B\u00e1sico PTV Vissim TEMARIO DEL CURSO INTERMEDIO PTV VISSIM Descripci\u00f3n En este curso introductorio se dar\u00e1n a conocer los primeros pasos para construir un modelo en el software PTV Vissim, teniendo en cuenta 3 elementos principales: Construcci\u00f3n de la red vial Uso de elementos de control de red Demanda vehicular Posteriormente, se aprender\u00e1 a [&hellip;]<\/p>\n","protected":false},"author":2,"featured_media":0,"parent":0,"menu_order":0,"comment_status":"closed","ping_status":"closed","template":"","meta":{"footnotes":""},"class_list":["post-1191","page","type-page","status-publish","hentry","entry"],"yoast_head":"<!-- This site is optimized with the Yoast SEO plugin v15.9 - https:\/\/yoast.com\/wordpress\/plugins\/seo\/ -->\n<title>Tranvia | CURSO B\u00c1SICO PTV VISSIM<\/title>\n<meta name=\"robots\" content=\"index, follow, max-snippet:-1, max-image-preview:large, max-video-preview:-1\" \/>\n<link rel=\"canonical\" href=\"https:\/\/tranvia.com.co\/index.php\/curso-basico-ptv-vissim\/\" \/>\n<meta property=\"og:locale\" content=\"es_ES\" \/>\n<meta property=\"og:type\" content=\"article\" \/>\n<meta property=\"og:title\" content=\"Tranvia | CURSO B\u00c1SICO PTV VISSIM\" \/>\n<meta property=\"og:description\" content=\"Curso B\u00e1sico PTV Vissim TEMARIO DEL CURSO INTERMEDIO PTV VISSIM Descripci\u00f3n En este curso introductorio se dar\u00e1n a conocer los primeros pasos para construir un modelo en el software PTV Vissim, teniendo en cuenta 3 elementos principales: Construcci\u00f3n de la red vial Uso de elementos de control de red Demanda vehicular Posteriormente, se aprender\u00e1 a [&hellip;]\" \/>\n<meta property=\"og:url\" content=\"https:\/\/tranvia.com.co\/index.php\/curso-basico-ptv-vissim\/\" \/>\n<meta property=\"og:site_name\" content=\"Tranvia\" \/>\n<meta property=\"article:modified_time\" content=\"2022-09-06T21:22:23+00:00\" \/>\n<meta property=\"og:image\" content=\"https:\/\/tranvia.com.co\/wp-content\/uploads\/2022\/09\/tranvia-basico-ptv-vissim-1024x506.jpeg\" \/>\n<meta name=\"twitter:card\" content=\"summary_large_image\" \/>\n<meta name=\"twitter:label1\" content=\"Tiempo de lectura\">\n\t<meta name=\"twitter:data1\" content=\"2 minutos\">\n<script type=\"application\/ld+json\" class=\"yoast-schema-graph\">{\"@context\":\"https:\/\/schema.org\",\"@graph\":[{\"@type\":\"WebSite\",\"@id\":\"https:\/\/tranvia.com.co\/#website\",\"url\":\"https:\/\/tranvia.com.co\/\",\"name\":\"Tranvia\",\"description\":\"Proyectos de Ingenieria S.A.S.\",\"potentialAction\":[{\"@type\":\"SearchAction\",\"target\":\"https:\/\/tranvia.com.co\/?s={search_term_string}\",\"query-input\":\"required name=search_term_string\"}],\"inLanguage\":\"es\"},{\"@type\":\"ImageObject\",\"@id\":\"https:\/\/tranvia.com.co\/index.php\/curso-basico-ptv-vissim\/#primaryimage\",\"inLanguage\":\"es\",\"url\":\"https:\/\/tranvia.com.co\/wp-content\/uploads\/2022\/09\/tranvia-basico-ptv-vissim.jpeg\",\"width\":1280,\"height\":633},{\"@type\":\"WebPage\",\"@id\":\"https:\/\/tranvia.com.co\/index.php\/curso-basico-ptv-vissim\/#webpage\",\"url\":\"https:\/\/tranvia.com.co\/index.php\/curso-basico-ptv-vissim\/\",\"name\":\"Tranvia | CURSO B\\u00c1SICO PTV VISSIM\",\"isPartOf\":{\"@id\":\"https:\/\/tranvia.com.co\/#website\"},\"primaryImageOfPage\":{\"@id\":\"https:\/\/tranvia.com.co\/index.php\/curso-basico-ptv-vissim\/#primaryimage\"},\"datePublished\":\"2022-08-10T15:12:54+00:00\",\"dateModified\":\"2022-09-06T21:22:23+00:00\",\"breadcrumb\":{\"@id\":\"https:\/\/tranvia.com.co\/index.php\/curso-basico-ptv-vissim\/#breadcrumb\"},\"inLanguage\":\"es\",\"potentialAction\":[{\"@type\":\"ReadAction\",\"target\":[\"https:\/\/tranvia.com.co\/index.php\/curso-basico-ptv-vissim\/\"]}]},{\"@type\":\"BreadcrumbList\",\"@id\":\"https:\/\/tranvia.com.co\/index.php\/curso-basico-ptv-vissim\/#breadcrumb\",\"itemListElement\":[{\"@type\":\"ListItem\",\"position\":1,\"item\":{\"@type\":\"WebPage\",\"@id\":\"https:\/\/tranvia.com.co\/\",\"url\":\"https:\/\/tranvia.com.co\/\",\"name\":\"Portada\"}},{\"@type\":\"ListItem\",\"position\":2,\"item\":{\"@type\":\"WebPage\",\"@id\":\"https:\/\/tranvia.com.co\/index.php\/curso-basico-ptv-vissim\/\",\"url\":\"https:\/\/tranvia.com.co\/index.php\/curso-basico-ptv-vissim\/\",\"name\":\"CURSO B\\u00c1SICO PTV VISSIM\"}}]}]}<\/script>\n<!-- \/ Yoast SEO plugin. -->","_links":{"self":[{"href":"https:\/\/tranvia.com.co\/index.php\/wp-json\/wp\/v2\/pages\/1191","targetHints":{"allow":["GET"]}}],"collection":[{"href":"https:\/\/tranvia.com.co\/index.php\/wp-json\/wp\/v2\/pages"}],"about":[{"href":"https:\/\/tranvia.com.co\/index.php\/wp-json\/wp\/v2\/types\/page"}],"author":[{"embeddable":true,"href":"https:\/\/tranvia.com.co\/index.php\/wp-json\/wp\/v2\/users\/2"}],"replies":[{"embeddable":true,"href":"https:\/\/tranvia.com.co\/index.php\/wp-json\/wp\/v2\/comments?post=1191"}],"version-history":[{"count":51,"href":"https:\/\/tranvia.com.co\/index.php\/wp-json\/wp\/v2\/pages\/1191\/revisions"}],"predecessor-version":[{"id":1423,"href":"https:\/\/tranvia.com.co\/index.php\/wp-json\/wp\/v2\/pages\/1191\/revisions\/1423"}],"wp:attachment":[{"href":"https:\/\/tranvia.com.co\/index.php\/wp-json\/wp\/v2\/media?parent=1191"}],"curies":[{"name":"wp","href":"https:\/\/api.w.org\/{rel}","templated":true}]}}