{"id":1176,"date":"2022-08-10T14:29:35","date_gmt":"2022-08-10T14:29:35","guid":{"rendered":"https:\/\/tranvia.com.co\/?page_id=1176"},"modified":"2022-09-06T19:44:02","modified_gmt":"2022-09-06T19:44:02","slug":"cursos","status":"publish","type":"page","link":"https:\/\/tranvia.com.co\/index.php\/cursos\/","title":{"rendered":"Cursos"},"content":{"rendered":"\t\t<div data-elementor-type=\"wp-page\" data-elementor-id=\"1176\" class=\"elementor elementor-1176\" data-elementor-settings=\"[]\">\n\t\t\t\t\t\t\t<div class=\"elementor-section-wrap\">\n\t\t\t\t\t\t\t<section class=\"elementor-section elementor-top-section elementor-element elementor-element-16f50a1 elementor-section-boxed elementor-section-height-default elementor-section-height-default\" data-id=\"16f50a1\" data-element_type=\"section\">\n\t\t\t\t\t\t<div class=\"elementor-container elementor-column-gap-default\">\n\t\t\t\t\t<div class=\"elementor-column elementor-col-100 elementor-top-column elementor-element elementor-element-8bcb0f5\" data-id=\"8bcb0f5\" data-element_type=\"column\">\n\t\t\t<div class=\"elementor-widget-wrap elementor-element-populated\">\n\t\t\t\t\t\t\t\t<div class=\"elementor-element elementor-element-cfe64f4 elementor-widget elementor-widget-spacer\" data-id=\"cfe64f4\" data-element_type=\"widget\" data-widget_type=\"spacer.default\">\n\t\t\t\t<div class=\"elementor-widget-container\">\n\t\t\t\t\t<div class=\"elementor-spacer\">\n\t\t\t<div class=\"elementor-spacer-inner\"><\/div>\n\t\t<\/div>\n\t\t\t\t<\/div>\n\t\t\t\t<\/div>\n\t\t\t\t\t<\/div>\n\t\t<\/div>\n\t\t\t\t\t\t\t<\/div>\n\t\t<\/section>\n\t\t\t\t<section class=\"elementor-section elementor-top-section elementor-element elementor-element-5bf7238 elementor-section-boxed elementor-section-height-default elementor-section-height-default\" data-id=\"5bf7238\" data-element_type=\"section\">\n\t\t\t\t\t\t<div class=\"elementor-container elementor-column-gap-default\">\n\t\t\t\t\t<div class=\"elementor-column elementor-col-100 elementor-top-column elementor-element elementor-element-4e51ef3\" data-id=\"4e51ef3\" data-element_type=\"column\">\n\t\t\t<div class=\"elementor-widget-wrap elementor-element-populated\">\n\t\t\t\t\t\t\t\t<div class=\"elementor-element elementor-element-28efd68 elementor-widget elementor-widget-heading\" data-id=\"28efd68\" data-element_type=\"widget\" data-widget_type=\"heading.default\">\n\t\t\t\t<div class=\"elementor-widget-container\">\n\t\t\t<h1 class=\"elementor-heading-title elementor-size-default\">Cursos<\/h1>\t\t<\/div>\n\t\t\t\t<\/div>\n\t\t\t\t<div class=\"elementor-element elementor-element-62ef1d7 elementor-widget-divider--view-line elementor-widget elementor-widget-divider\" data-id=\"62ef1d7\" data-element_type=\"widget\" data-widget_type=\"divider.default\">\n\t\t\t\t<div class=\"elementor-widget-container\">\n\t\t\t\t\t<div class=\"elementor-divider\">\n\t\t\t<span class=\"elementor-divider-separator\">\n\t\t\t\t\t\t<\/span>\n\t\t<\/div>\n\t\t\t\t<\/div>\n\t\t\t\t<\/div>\n\t\t\t\t\t<\/div>\n\t\t<\/div>\n\t\t\t\t\t\t\t<\/div>\n\t\t<\/section>\n\t\t\t\t<section class=\"elementor-section elementor-top-section elementor-element elementor-element-c508645 elementor-section-boxed elementor-section-height-default elementor-section-height-default\" data-id=\"c508645\" data-element_type=\"section\">\n\t\t\t\t\t\t<div class=\"elementor-container elementor-column-gap-default\">\n\t\t\t\t\t<div class=\"elementor-column elementor-col-100 elementor-top-column elementor-element elementor-element-87785b8\" data-id=\"87785b8\" data-element_type=\"column\">\n\t\t\t<div class=\"elementor-widget-wrap elementor-element-populated\">\n\t\t\t\t\t\t\t\t<div class=\"elementor-element elementor-element-1a7594c elementor-widget elementor-widget-spacer\" data-id=\"1a7594c\" data-element_type=\"widget\" data-widget_type=\"spacer.default\">\n\t\t\t\t<div class=\"elementor-widget-container\">\n\t\t\t\t\t<div class=\"elementor-spacer\">\n\t\t\t<div class=\"elementor-spacer-inner\"><\/div>\n\t\t<\/div>\n\t\t\t\t<\/div>\n\t\t\t\t<\/div>\n\t\t\t\t\t<\/div>\n\t\t<\/div>\n\t\t\t\t\t\t\t<\/div>\n\t\t<\/section>\n\t\t\t\t<section class=\"elementor-section elementor-top-section elementor-element elementor-element-440dbd4 elementor-section-boxed elementor-section-height-default elementor-section-height-default\" data-id=\"440dbd4\" data-element_type=\"section\">\n\t\t\t\t\t\t<div class=\"elementor-container elementor-column-gap-default\">\n\t\t\t\t\t<div class=\"elementor-column elementor-col-50 elementor-top-column elementor-element elementor-element-dbc8dde\" data-id=\"dbc8dde\" data-element_type=\"column\">\n\t\t\t<div class=\"elementor-widget-wrap elementor-element-populated\">\n\t\t\t\t\t\t\t\t<section class=\"elementor-section elementor-inner-section elementor-element elementor-element-0bf300b elementor-section-boxed elementor-section-height-default elementor-section-height-default\" data-id=\"0bf300b\" data-element_type=\"section\">\n\t\t\t\t\t\t<div class=\"elementor-container elementor-column-gap-default\">\n\t\t\t\t\t<div class=\"elementor-column elementor-col-50 elementor-inner-column elementor-element elementor-element-15ebe32\" data-id=\"15ebe32\" data-element_type=\"column\">\n\t\t\t<div class=\"elementor-widget-wrap elementor-element-populated\">\n\t\t\t\t\t\t\t\t<div class=\"elementor-element elementor-element-cf92616 elementor-widget elementor-widget-image\" data-id=\"cf92616\" data-element_type=\"widget\" data-widget_type=\"image.default\">\n\t\t\t\t<div class=\"elementor-widget-container\">\n\t\t\t\t\t<div class=\"elementor-image\">\n\t\t\t\t\t\t\t\t\t\t<img loading=\"lazy\" decoding=\"async\" width=\"1024\" height=\"506\" src=\"https:\/\/tranvia.com.co\/wp-content\/uploads\/2022\/09\/tranvia-basico-ptv-vissim-1024x506.jpeg\" class=\"attachment-large size-large\" alt=\"\" srcset=\"https:\/\/tranvia.com.co\/wp-content\/uploads\/2022\/09\/tranvia-basico-ptv-vissim-1024x506.jpeg 1024w, https:\/\/tranvia.com.co\/wp-content\/uploads\/2022\/09\/tranvia-basico-ptv-vissim-300x148.jpeg 300w, https:\/\/tranvia.com.co\/wp-content\/uploads\/2022\/09\/tranvia-basico-ptv-vissim-768x380.jpeg 768w, https:\/\/tranvia.com.co\/wp-content\/uploads\/2022\/09\/tranvia-basico-ptv-vissim.jpeg 1280w\" sizes=\"auto, (max-width: 1024px) 100vw, 1024px\" \/>\t\t\t\t\t\t\t\t\t\t\t<\/div>\n\t\t\t\t<\/div>\n\t\t\t\t<\/div>\n\t\t\t\t\t<\/div>\n\t\t<\/div>\n\t\t\t\t<div class=\"elementor-column elementor-col-50 elementor-inner-column elementor-element elementor-element-b15d635\" data-id=\"b15d635\" data-element_type=\"column\">\n\t\t\t<div class=\"elementor-widget-wrap elementor-element-populated\">\n\t\t\t\t\t\t\t\t<div class=\"elementor-element elementor-element-7cdb171 elementor-widget elementor-widget-heading\" data-id=\"7cdb171\" data-element_type=\"widget\" data-widget_type=\"heading.default\">\n\t\t\t\t<div class=\"elementor-widget-container\">\n\t\t\t<h3 class=\"elementor-heading-title elementor-size-default\">Curso B\u00e1sico PTV Vissim<\/h3>\t\t<\/div>\n\t\t\t\t<\/div>\n\t\t\t\t\t<\/div>\n\t\t<\/div>\n\t\t\t\t\t\t\t<\/div>\n\t\t<\/section>\n\t\t\t\t<div class=\"elementor-element elementor-element-4360a59 elementor-widget elementor-widget-text-editor\" data-id=\"4360a59\" data-element_type=\"widget\" data-widget_type=\"text-editor.default\">\n\t\t\t\t<div class=\"elementor-widget-container\">\n\t\t\t\t\t<div class=\"elementor-text-editor elementor-clearfix\"><p style=\"text-align: justify;\">El curso introductorio del software de simulaci\u00f3n de tr\u00e1nsito Vissim, brinda una metodolog\u00eda que le permite a los estudiantes iniciar desde cero su aprendizaje en el manejo de esta importante herramienta. Aprender\u00e1n a crear redes viales, ingresar la demanda vehicular, as\u00ed como a realizar algunas evaluaciones que el software permite.<\/p><\/div>\n\t\t\t\t<\/div>\n\t\t\t\t<\/div>\n\t\t\t\t<div class=\"elementor-element elementor-element-4c31f47 elementor-align-right elementor-tablet-align-left elementor-mobile-align-left elementor-widget elementor-widget-button\" data-id=\"4c31f47\" data-element_type=\"widget\" data-widget_type=\"button.default\">\n\t\t\t\t<div class=\"elementor-widget-container\">\n\t\t\t\t\t<div class=\"elementor-button-wrapper\">\n\t\t\t<a href=\"https:\/\/tranvia.com.co\/index.php\/curso-basico-ptv-vissim\" class=\"elementor-button-link elementor-button elementor-size-sm\" role=\"button\">\n\t\t\t\t\t\t<span class=\"elementor-button-content-wrapper\">\n\t\t\t\t\t\t<span class=\"elementor-button-text\">Haz clic aqu\u00ed<\/span>\n\t\t<\/span>\n\t\t\t\t\t<\/a>\n\t\t<\/div>\n\t\t\t\t<\/div>\n\t\t\t\t<\/div>\n\t\t\t\t\t<\/div>\n\t\t<\/div>\n\t\t\t\t<div class=\"elementor-column elementor-col-50 elementor-top-column elementor-element elementor-element-8974ee2\" data-id=\"8974ee2\" data-element_type=\"column\">\n\t\t\t<div class=\"elementor-widget-wrap elementor-element-populated\">\n\t\t\t\t\t\t\t\t<section class=\"elementor-section elementor-inner-section elementor-element elementor-element-e2b4bc8 elementor-section-boxed elementor-section-height-default elementor-section-height-default\" data-id=\"e2b4bc8\" data-element_type=\"section\">\n\t\t\t\t\t\t<div class=\"elementor-container elementor-column-gap-default\">\n\t\t\t\t\t<div class=\"elementor-column elementor-col-50 elementor-inner-column elementor-element elementor-element-ef2d077\" data-id=\"ef2d077\" data-element_type=\"column\">\n\t\t\t<div class=\"elementor-widget-wrap elementor-element-populated\">\n\t\t\t\t\t\t\t\t<div class=\"elementor-element elementor-element-a214269 elementor-widget elementor-widget-image\" data-id=\"a214269\" data-element_type=\"widget\" data-widget_type=\"image.default\">\n\t\t\t\t<div class=\"elementor-widget-container\">\n\t\t\t\t\t<div class=\"elementor-image\">\n\t\t\t\t\t\t\t\t\t\t<img loading=\"lazy\" decoding=\"async\" width=\"1024\" height=\"510\" src=\"https:\/\/tranvia.com.co\/wp-content\/uploads\/2022\/09\/tranvia-curso-intemedio-vissim-3-1024x510.jpeg\" class=\"attachment-large size-large\" alt=\"\" srcset=\"https:\/\/tranvia.com.co\/wp-content\/uploads\/2022\/09\/tranvia-curso-intemedio-vissim-3-1024x510.jpeg 1024w, https:\/\/tranvia.com.co\/wp-content\/uploads\/2022\/09\/tranvia-curso-intemedio-vissim-3-300x150.jpeg 300w, https:\/\/tranvia.com.co\/wp-content\/uploads\/2022\/09\/tranvia-curso-intemedio-vissim-3-768x383.jpeg 768w, https:\/\/tranvia.com.co\/wp-content\/uploads\/2022\/09\/tranvia-curso-intemedio-vissim-3.jpeg 1280w\" sizes=\"auto, (max-width: 1024px) 100vw, 1024px\" \/>\t\t\t\t\t\t\t\t\t\t\t<\/div>\n\t\t\t\t<\/div>\n\t\t\t\t<\/div>\n\t\t\t\t\t<\/div>\n\t\t<\/div>\n\t\t\t\t<div class=\"elementor-column elementor-col-50 elementor-inner-column elementor-element elementor-element-5e4e02a\" data-id=\"5e4e02a\" data-element_type=\"column\">\n\t\t\t<div class=\"elementor-widget-wrap elementor-element-populated\">\n\t\t\t\t\t\t\t\t<div class=\"elementor-element elementor-element-c4f9989 elementor-widget elementor-widget-heading\" data-id=\"c4f9989\" data-element_type=\"widget\" data-widget_type=\"heading.default\">\n\t\t\t\t<div class=\"elementor-widget-container\">\n\t\t\t<h3 class=\"elementor-heading-title elementor-size-default\">Curso Intermedio PTV Vissim<\/h3>\t\t<\/div>\n\t\t\t\t<\/div>\n\t\t\t\t\t<\/div>\n\t\t<\/div>\n\t\t\t\t\t\t\t<\/div>\n\t\t<\/section>\n\t\t\t\t<div class=\"elementor-element elementor-element-f44f7ad elementor-widget elementor-widget-text-editor\" data-id=\"f44f7ad\" data-element_type=\"widget\" data-widget_type=\"text-editor.default\">\n\t\t\t\t<div class=\"elementor-widget-container\">\n\t\t\t\t\t<div class=\"elementor-text-editor elementor-clearfix\"><p style=\"text-align: justify;\">En este segundo curso se profundiza en las herramientas de evaluaci\u00f3n (gr\u00e1ficas y num\u00e9ricas) que trae este software de microsimulaci\u00f3n de tr\u00e1nsito, se explica c\u00f3mo ajustar los comportamientos vehiculares en el software y se introducen conceptos preliminares sobre calibraci\u00f3n del modelo<\/p><\/div>\n\t\t\t\t<\/div>\n\t\t\t\t<\/div>\n\t\t\t\t<div class=\"elementor-element elementor-element-61e581f elementor-align-right elementor-tablet-align-left elementor-mobile-align-left elementor-widget elementor-widget-button\" data-id=\"61e581f\" data-element_type=\"widget\" data-widget_type=\"button.default\">\n\t\t\t\t<div class=\"elementor-widget-container\">\n\t\t\t\t\t<div class=\"elementor-button-wrapper\">\n\t\t\t<a href=\"https:\/\/tranvia.com.co\/index.php\/curso-intermedio-ptv-vissim\" class=\"elementor-button-link elementor-button elementor-size-sm\" role=\"button\">\n\t\t\t\t\t\t<span class=\"elementor-button-content-wrapper\">\n\t\t\t\t\t\t<span class=\"elementor-button-text\">Haz clic aqu\u00ed<\/span>\n\t\t<\/span>\n\t\t\t\t\t<\/a>\n\t\t<\/div>\n\t\t\t\t<\/div>\n\t\t\t\t<\/div>\n\t\t\t\t\t<\/div>\n\t\t<\/div>\n\t\t\t\t\t\t\t<\/div>\n\t\t<\/section>\n\t\t\t\t<section class=\"elementor-section elementor-top-section elementor-element elementor-element-0aee57a elementor-section-boxed elementor-section-height-default elementor-section-height-default\" data-id=\"0aee57a\" data-element_type=\"section\">\n\t\t\t\t\t\t<div class=\"elementor-container elementor-column-gap-default\">\n\t\t\t\t\t<div class=\"elementor-column elementor-col-100 elementor-top-column elementor-element elementor-element-a8315b8\" data-id=\"a8315b8\" data-element_type=\"column\">\n\t\t\t<div class=\"elementor-widget-wrap elementor-element-populated\">\n\t\t\t\t\t\t\t\t<div class=\"elementor-element elementor-element-ecacd09 elementor-widget elementor-widget-spacer\" data-id=\"ecacd09\" data-element_type=\"widget\" data-widget_type=\"spacer.default\">\n\t\t\t\t<div class=\"elementor-widget-container\">\n\t\t\t\t\t<div class=\"elementor-spacer\">\n\t\t\t<div class=\"elementor-spacer-inner\"><\/div>\n\t\t<\/div>\n\t\t\t\t<\/div>\n\t\t\t\t<\/div>\n\t\t\t\t\t<\/div>\n\t\t<\/div>\n\t\t\t\t\t\t\t<\/div>\n\t\t<\/section>\n\t\t\t\t<section class=\"elementor-section elementor-top-section elementor-element elementor-element-43639a3 elementor-section-boxed elementor-section-height-default elementor-section-height-default\" data-id=\"43639a3\" data-element_type=\"section\">\n\t\t\t\t\t\t<div class=\"elementor-container elementor-column-gap-default\">\n\t\t\t\t\t<div class=\"elementor-column elementor-col-50 elementor-top-column elementor-element elementor-element-8fd63b1\" data-id=\"8fd63b1\" data-element_type=\"column\">\n\t\t\t<div class=\"elementor-widget-wrap elementor-element-populated\">\n\t\t\t\t\t\t\t\t<section class=\"elementor-section elementor-inner-section elementor-element elementor-element-33d61df elementor-section-boxed elementor-section-height-default elementor-section-height-default\" data-id=\"33d61df\" data-element_type=\"section\">\n\t\t\t\t\t\t<div class=\"elementor-container elementor-column-gap-default\">\n\t\t\t\t\t<div class=\"elementor-column elementor-col-50 elementor-inner-column elementor-element elementor-element-79f4dd8\" data-id=\"79f4dd8\" data-element_type=\"column\">\n\t\t\t<div class=\"elementor-widget-wrap elementor-element-populated\">\n\t\t\t\t\t\t\t\t<div class=\"elementor-element elementor-element-8e521f8 elementor-widget elementor-widget-image\" data-id=\"8e521f8\" data-element_type=\"widget\" data-widget_type=\"image.default\">\n\t\t\t\t<div class=\"elementor-widget-container\">\n\t\t\t\t\t<div class=\"elementor-image\">\n\t\t\t\t\t\t\t\t\t\t<img loading=\"lazy\" decoding=\"async\" width=\"1024\" height=\"527\" src=\"https:\/\/tranvia.com.co\/wp-content\/uploads\/2022\/09\/tranvia-curso-vissim-1024x527.jpeg\" class=\"attachment-large size-large\" alt=\"\" srcset=\"https:\/\/tranvia.com.co\/wp-content\/uploads\/2022\/09\/tranvia-curso-vissim-1024x527.jpeg 1024w, https:\/\/tranvia.com.co\/wp-content\/uploads\/2022\/09\/tranvia-curso-vissim-300x154.jpeg 300w, https:\/\/tranvia.com.co\/wp-content\/uploads\/2022\/09\/tranvia-curso-vissim-768x395.jpeg 768w, https:\/\/tranvia.com.co\/wp-content\/uploads\/2022\/09\/tranvia-curso-vissim.jpeg 1280w\" sizes=\"auto, (max-width: 1024px) 100vw, 1024px\" \/>\t\t\t\t\t\t\t\t\t\t\t<\/div>\n\t\t\t\t<\/div>\n\t\t\t\t<\/div>\n\t\t\t\t\t<\/div>\n\t\t<\/div>\n\t\t\t\t<div class=\"elementor-column elementor-col-50 elementor-inner-column elementor-element elementor-element-41a8596\" data-id=\"41a8596\" data-element_type=\"column\">\n\t\t\t<div class=\"elementor-widget-wrap elementor-element-populated\">\n\t\t\t\t\t\t\t\t<div class=\"elementor-element elementor-element-dba2b22 elementor-widget elementor-widget-heading\" data-id=\"dba2b22\" data-element_type=\"widget\" data-widget_type=\"heading.default\">\n\t\t\t\t<div class=\"elementor-widget-container\">\n\t\t\t<h3 class=\"elementor-heading-title elementor-size-default\">Calibraci\u00f3n y Validaci\u00f3n de modelos de microsimulaci\u00f3n en Vissim<\/h3>\t\t<\/div>\n\t\t\t\t<\/div>\n\t\t\t\t\t<\/div>\n\t\t<\/div>\n\t\t\t\t\t\t\t<\/div>\n\t\t<\/section>\n\t\t\t\t<div class=\"elementor-element elementor-element-be915e4 elementor-widget elementor-widget-text-editor\" data-id=\"be915e4\" data-element_type=\"widget\" data-widget_type=\"text-editor.default\">\n\t\t\t\t<div class=\"elementor-widget-container\">\n\t\t\t\t\t<div class=\"elementor-text-editor elementor-clearfix\"><p style=\"text-align: justify;\">Este curso brinda la informaci\u00f3n necesaria para calibrar y validar los modelos que se desarrollan con Vissim, con el fin de ajustar par\u00e1metros a los datos obtenidos en la toma de informaci\u00f3n en campo<\/p><\/div>\n\t\t\t\t<\/div>\n\t\t\t\t<\/div>\n\t\t\t\t<div class=\"elementor-element elementor-element-525a06f elementor-widget elementor-widget-heading\" data-id=\"525a06f\" data-element_type=\"widget\" data-widget_type=\"heading.default\">\n\t\t\t\t<div class=\"elementor-widget-container\">\n\t\t\t<h2 class=\"elementor-heading-title elementor-size-default\">\u00a1Proximamente!<\/h2>\t\t<\/div>\n\t\t\t\t<\/div>\n\t\t\t\t\t<\/div>\n\t\t<\/div>\n\t\t\t\t<div class=\"elementor-column elementor-col-50 elementor-top-column elementor-element elementor-element-edbb079\" data-id=\"edbb079\" data-element_type=\"column\">\n\t\t\t<div class=\"elementor-widget-wrap\">\n\t\t\t\t\t\t\t\t\t<\/div>\n\t\t<\/div>\n\t\t\t\t\t\t\t<\/div>\n\t\t<\/section>\n\t\t\t\t<section class=\"elementor-section elementor-top-section elementor-element elementor-element-3740606 elementor-section-boxed elementor-section-height-default elementor-section-height-default\" data-id=\"3740606\" data-element_type=\"section\">\n\t\t\t\t\t\t<div class=\"elementor-container elementor-column-gap-default\">\n\t\t\t\t\t<div class=\"elementor-column elementor-col-100 elementor-top-column elementor-element elementor-element-fda0549\" data-id=\"fda0549\" data-element_type=\"column\">\n\t\t\t<div class=\"elementor-widget-wrap elementor-element-populated\">\n\t\t\t\t\t\t\t\t<div class=\"elementor-element elementor-element-a0e52cd elementor-widget elementor-widget-spacer\" data-id=\"a0e52cd\" data-element_type=\"widget\" data-widget_type=\"spacer.default\">\n\t\t\t\t<div class=\"elementor-widget-container\">\n\t\t\t\t\t<div class=\"elementor-spacer\">\n\t\t\t<div class=\"elementor-spacer-inner\"><\/div>\n\t\t<\/div>\n\t\t\t\t<\/div>\n\t\t\t\t<\/div>\n\t\t\t\t\t<\/div>\n\t\t<\/div>\n\t\t\t\t\t\t\t<\/div>\n\t\t<\/section>\n\t\t\t\t\t\t<\/div>\n\t\t\t\t\t<\/div>\n\t\t","protected":false},"excerpt":{"rendered":"<p>Cursos Curso B\u00e1sico PTV Vissim El curso introductorio del software de simulaci\u00f3n de tr\u00e1nsito Vissim, brinda una metodolog\u00eda que le permite a los estudiantes iniciar desde cero su aprendizaje en el manejo de esta importante herramienta. Aprender\u00e1n a crear redes viales, ingresar la demanda vehicular, as\u00ed como a realizar algunas evaluaciones que el software permite. [&hellip;]<\/p>\n","protected":false},"author":2,"featured_media":0,"parent":0,"menu_order":3,"comment_status":"closed","ping_status":"closed","template":"","meta":{"footnotes":""},"class_list":["post-1176","page","type-page","status-publish","hentry","entry"],"yoast_head":"<!-- This site is optimized with the Yoast SEO plugin v15.9 - https:\/\/yoast.com\/wordpress\/plugins\/seo\/ -->\n<title>Tranvia | Cursos<\/title>\n<meta name=\"robots\" content=\"index, follow, max-snippet:-1, max-image-preview:large, max-video-preview:-1\" \/>\n<link rel=\"canonical\" href=\"https:\/\/tranvia.com.co\/index.php\/cursos\/\" \/>\n<meta property=\"og:locale\" content=\"es_ES\" \/>\n<meta property=\"og:type\" content=\"article\" \/>\n<meta property=\"og:title\" content=\"Tranvia | Cursos\" \/>\n<meta property=\"og:description\" content=\"Cursos Curso B\u00e1sico PTV Vissim El curso introductorio del software de simulaci\u00f3n de tr\u00e1nsito Vissim, brinda una metodolog\u00eda que le permite a los estudiantes iniciar desde cero su aprendizaje en el manejo de esta importante herramienta. Aprender\u00e1n a crear redes viales, ingresar la demanda vehicular, as\u00ed como a realizar algunas evaluaciones que el software permite. [&hellip;]\" \/>\n<meta property=\"og:url\" content=\"https:\/\/tranvia.com.co\/index.php\/cursos\/\" \/>\n<meta property=\"og:site_name\" content=\"Tranvia\" \/>\n<meta property=\"article:modified_time\" content=\"2022-09-06T19:44:02+00:00\" \/>\n<meta property=\"og:image\" content=\"https:\/\/tranvia.com.co\/wp-content\/uploads\/2022\/09\/tranvia-basico-ptv-vissim-1024x506.jpeg\" \/>\n<meta name=\"twitter:card\" content=\"summary_large_image\" \/>\n<meta name=\"twitter:label1\" content=\"Tiempo de lectura\">\n\t<meta name=\"twitter:data1\" content=\"2 minutos\">\n<script type=\"application\/ld+json\" class=\"yoast-schema-graph\">{\"@context\":\"https:\/\/schema.org\",\"@graph\":[{\"@type\":\"WebSite\",\"@id\":\"https:\/\/tranvia.com.co\/#website\",\"url\":\"https:\/\/tranvia.com.co\/\",\"name\":\"Tranvia\",\"description\":\"Proyectos de Ingenieria S.A.S.\",\"potentialAction\":[{\"@type\":\"SearchAction\",\"target\":\"https:\/\/tranvia.com.co\/?s={search_term_string}\",\"query-input\":\"required name=search_term_string\"}],\"inLanguage\":\"es\"},{\"@type\":\"ImageObject\",\"@id\":\"https:\/\/tranvia.com.co\/index.php\/cursos\/#primaryimage\",\"inLanguage\":\"es\",\"url\":\"https:\/\/tranvia.com.co\/wp-content\/uploads\/2022\/09\/tranvia-basico-ptv-vissim.jpeg\",\"width\":1280,\"height\":633},{\"@type\":\"WebPage\",\"@id\":\"https:\/\/tranvia.com.co\/index.php\/cursos\/#webpage\",\"url\":\"https:\/\/tranvia.com.co\/index.php\/cursos\/\",\"name\":\"Tranvia | Cursos\",\"isPartOf\":{\"@id\":\"https:\/\/tranvia.com.co\/#website\"},\"primaryImageOfPage\":{\"@id\":\"https:\/\/tranvia.com.co\/index.php\/cursos\/#primaryimage\"},\"datePublished\":\"2022-08-10T14:29:35+00:00\",\"dateModified\":\"2022-09-06T19:44:02+00:00\",\"breadcrumb\":{\"@id\":\"https:\/\/tranvia.com.co\/index.php\/cursos\/#breadcrumb\"},\"inLanguage\":\"es\",\"potentialAction\":[{\"@type\":\"ReadAction\",\"target\":[\"https:\/\/tranvia.com.co\/index.php\/cursos\/\"]}]},{\"@type\":\"BreadcrumbList\",\"@id\":\"https:\/\/tranvia.com.co\/index.php\/cursos\/#breadcrumb\",\"itemListElement\":[{\"@type\":\"ListItem\",\"position\":1,\"item\":{\"@type\":\"WebPage\",\"@id\":\"https:\/\/tranvia.com.co\/\",\"url\":\"https:\/\/tranvia.com.co\/\",\"name\":\"Portada\"}},{\"@type\":\"ListItem\",\"position\":2,\"item\":{\"@type\":\"WebPage\",\"@id\":\"https:\/\/tranvia.com.co\/index.php\/cursos\/\",\"url\":\"https:\/\/tranvia.com.co\/index.php\/cursos\/\",\"name\":\"Cursos\"}}]}]}<\/script>\n<!-- \/ Yoast SEO plugin. -->","_links":{"self":[{"href":"https:\/\/tranvia.com.co\/index.php\/wp-json\/wp\/v2\/pages\/1176","targetHints":{"allow":["GET"]}}],"collection":[{"href":"https:\/\/tranvia.com.co\/index.php\/wp-json\/wp\/v2\/pages"}],"about":[{"href":"https:\/\/tranvia.com.co\/index.php\/wp-json\/wp\/v2\/types\/page"}],"author":[{"embeddable":true,"href":"https:\/\/tranvia.com.co\/index.php\/wp-json\/wp\/v2\/users\/2"}],"replies":[{"embeddable":true,"href":"https:\/\/tranvia.com.co\/index.php\/wp-json\/wp\/v2\/comments?post=1176"}],"version-history":[{"count":112,"href":"https:\/\/tranvia.com.co\/index.php\/wp-json\/wp\/v2\/pages\/1176\/revisions"}],"predecessor-version":[{"id":1386,"href":"https:\/\/tranvia.com.co\/index.php\/wp-json\/wp\/v2\/pages\/1176\/revisions\/1386"}],"wp:attachment":[{"href":"https:\/\/tranvia.com.co\/index.php\/wp-json\/wp\/v2\/media?parent=1176"}],"curies":[{"name":"wp","href":"https:\/\/api.w.org\/{rel}","templated":true}]}}